{"id":69,"date":"2025-02-27T23:45:51","date_gmt":"2025-02-27T22:45:51","guid":{"rendered":"https:\/\/projektzeit-event.wedeon.it\/?page_id=69"},"modified":"2025-08-06T15:21:05","modified_gmt":"2025-08-06T13:21:05","slug":"roadshow","status":"publish","type":"page","link":"https:\/\/projektzeit-event.de\/en\/events\/roadshow\/","title":{"rendered":"Roadshow"},"content":{"rendered":"<h1><span class=\"uk-text-primary\">Roadshow<\/span><\/h1>\n<h2>Warum eine Roadshow mit uns?<\/h2>\n<h2>Dein <br \/>\nEvent.<\/h2>\n<hr>\n<p><img decoding=\"async\" src=\"\/wp-content\/uploads\/2025\/07\/events-word-Projektzeit.svg\" alt=\"\"><\/p>\n<div>\n<h3>Direkt bei deiner Zielgruppe, flexibel im Format und stark in der Wirkung \u2013 Roadshows bringen <strong>deine Botschaft auf die Stra\u00dfe<\/strong>.<\/h3>\n<p>REIBUNGSLOS.<\/p>\n<div>\n<p>Ob national oder international, ob in Gro\u00dfst\u00e4dten oder regionalen Zentren: Wir planen und organisieren deine <strong>Roadshow von A bis Z<\/strong> \u2013 inklusive Locations, Technik, Branding, Logistik und Teilnehmermanagement.<\/p>\n<p>Dabei denken wir ganzheitlich: vom aufmerksamkeitsstarken Auftritt \u00fcber <strong>konsistente Markeninszenierung<\/strong> bis hin zu reibungslosen Abl\u00e4ufen vor Ort.<\/p>\n<p>Mit unserer Erfahrung und unserem Netzwerk schaffen wir <strong>Begegnungen, die nachhaltig wirken<\/strong> \u2013 in Deutschland, Europa und dar\u00fcber hinaus.<\/p>\n<\/div>\n<\/div>\n<div>\n<div>Servus sagen &#038; <br \/>los geht&#8217;s!<\/div>\n<p><a href=\"\/kontakt\/\"><\/a><\/p>\n<\/div>\n<h2>Moods<\/h2>\n<ul>\n<li>\n<p>        <img decoding=\"async\" src=\"\/wp-content\/uploads\/2025\/07\/projektzeit-event-roadshow-titelbild-1.webp\" alt=\"projektzeit event Eventagentur f\u00fcr Roadshow Titelbild\"><\/p>\n<\/li>\n<li>\n<p>        <img decoding=\"async\" src=\"\/wp-content\/uploads\/2025\/07\/projektzeit-event-roadshow-registrierung-2.webp\" alt=\"projektzeit event Eventagentur f\u00fcr Roadshow 2\"><\/p>\n<\/li>\n<li>\n<p>        <img decoding=\"async\" src=\"\/wp-content\/uploads\/2025\/07\/projektzeit-event-roadshow-talk-3.webp\" alt=\"projektzeit event Eventagentur f\u00fcr Roadshow 3\"><\/p>\n<\/li>\n<li>\n<p>        <img decoding=\"async\" src=\"\/wp-content\/uploads\/2025\/07\/projektzeit-event-roadshow-talk-4.webp\" alt=\"projektzeit event Eventagentur f\u00fcr Roadshow 4\"><\/p>\n<\/li>\n<li>\n<p>        <img decoding=\"async\" src=\"\/wp-content\/uploads\/2025\/07\/projektzeit-event-roadshow-foodtruck-5.webp\" alt=\"projektzeit event Eventagentur f\u00fcr Roadshow 5\"><\/p>\n<\/li>\n<\/ul>\n<h2>Vorteile<\/h2>\n<ul>\n<li>\n<div><span class=\"uk-text-primary\">Erfahrung<\/span>, die wirkt<\/div>\n<\/li>\n<li>\n<div><span class=\"uk-text-primary\">Flexibilit\u00e4t<\/span>, die passt<\/div>\n<\/li>\n<li>\n<div>Alles aus <span class=\"uk-text-primary\">einer Hand<\/span><\/div>\n<\/li>\n<li>\n<div><span class=\"uk-text-primary\">Kreativit\u00e4t<\/span> mit Konzept<\/div>\n<\/li>\n<li>\n<div>Rundum-<span class=\"uk-text-primary\">Betreuung<\/span><\/div>\n<\/li>\n<\/ul>\n<div>Noch Fragen?<\/div>\n<div>Wir freuen uns auf deine Nachricht.<\/div>\n<div>\n<div>Ruf uns gerne an unter:<\/div>\n<p>TELEFON<\/p>\n<div><a href=\"tel:004981719994838\">+49 8171 \/ 999 483 8<\/a><\/div>\n<\/div>\n<div>\n<div>Schreib uns gerne an:<\/div>\n<p>E-MAIL<\/p>\n<div>\n<p><a href=\"mailto:info@projektzeit-event.de\">info@projektzeit-event.de<\/a> <br \/>oder nutze unser <a href=\"\/kontakt\/\">Kontaktformular<\/a><\/p>\n<\/div>\n<\/div>\n<div>\n<p>Dein Team der Eventagentur projektzeit event.<\/p>\n<\/div>\n<p><!--more--><br \/>\n<!-- {\"type\":\"layout\",\"children\":[{\"type\":\"section\",\"props\":{\"image_position\":\"center-center\",\"padding\":\"large\",\"padding_remove_bottom\":false,\"padding_remove_top\":false,\"style\":\"default\",\"title_breakpoint\":\"xl\",\"title_position\":\"top-left\",\"title_rotation\":\"left\",\"vertical_align\":\"\",\"width\":\"expand\"},\"children\":[{\"type\":\"row\",\"props\":{\"width\":\"xlarge\"},\"children\":[{\"type\":\"column\",\"props\":{\"image_position\":\"center-center\",\"position_sticky_breakpoint\":\"m\"},\"children\":[{\"type\":\"headline\",\"props\":{\"content\":\"<span class=\\\"uk-text-primary\\\">Roadshow<\\\/span>\",\"margin\":\"large\",\"margin_remove_bottom\":true,\"title_element\":\"h1\",\"title_style\":\"heading-medium\"}},{\"type\":\"headline\",\"props\":{\"content\":\"Warum eine Roadshow mit uns?\",\"margin_remove_top\":false,\"title_element\":\"h2\"}},{\"type\":\"headline\",\"props\":{\"content\":\"Dein <br \/>\\nEvent.\",\"text_align\":\"right\",\"title_element\":\"h2\"}},{\"type\":\"divider\",\"props\":{\"divider_element\":\"hr\"}}]}]},{\"type\":\"row\",\"props\":{\"id\":\"extra\",\"layout\":\"large,expand,large\",\"margin\":\"large\",\"margin_remove_bottom\":true,\"row_gap\":\"medium\",\"width\":\"expand\"},\"children\":[{\"type\":\"column\",\"props\":{\"image_position\":\"center-center\",\"position_sticky_breakpoint\":\"m\",\"width_medium\":\"1-4\",\"width_small\":\"1-5\"},\"children\":[{\"type\":\"image\",\"props\":{\"animation\":\"parallax\",\"css\":\".el-image { max-width: 10vw; }\",\"image\":\"wp-content\\\/uploads\\\/2025\\\/07\\\/events-word-Projektzeit.svg\",\"image_height\":560,\"image_svg_color\":\"primary\",\"image_svg_inline\":true,\"margin\":\"default\",\"parallax_easing\":\"1\",\"parallax_y\":\"0,-10vw\",\"position\":\"absolute\",\"position_top\":\"0\",\"position_z_index\":\"1\",\"text_align\":\"center\",\"visibility\":\"s\"},\"name\":\"PZE - Wort Bild\"}]},{\"type\":\"column\",\"props\":{\"image_position\":\"center-center\",\"position_sticky_breakpoint\":\"m\",\"vertical_align\":\"middle\",\"width_small\":\"expand\"},\"children\":[{\"type\":\"grid\",\"props\":{\"content_column_breakpoint\":\"m\",\"filter_align\":\"left\",\"filter_all\":true,\"filter_grid_breakpoint\":\"m\",\"filter_grid_width\":\"auto\",\"filter_position\":\"top\",\"filter_style\":\"tab\",\"grid_column_gap\":\"large\",\"grid_default\":\"1\",\"grid_medium\":\"\",\"grid_row_gap\":\"large\",\"icon_width\":80,\"image_align\":\"top\",\"image_grid_breakpoint\":\"m\",\"image_grid_width\":\"1-2\",\"image_svg_color\":\"emphasis\",\"item_animation\":true,\"lightbox_bg_close\":true,\"link_style\":\"default\",\"link_text\":\"Read more\",\"margin\":\"large\",\"meta_align\":\"above-title\",\"meta_color\":\"primary\",\"meta_element\":\"div\",\"meta_style\":\"text-meta\",\"parallax_easing\":\"1\",\"show_content\":true,\"show_hover_image\":true,\"show_hover_video\":true,\"show_image\":true,\"show_link\":true,\"show_meta\":true,\"show_title\":true,\"show_video\":true,\"title_align\":\"top\",\"title_element\":\"h3\",\"title_grid_breakpoint\":\"m\",\"title_grid_width\":\"1-2\",\"title_hover_style\":\"reset\"},\"children\":[{\"type\":\"grid_item\",\"props\":{\"content\":\"\n\n<p>Ob national oder international, ob in Gro\\u00dfst\\u00e4dten oder regionalen Zentren: Wir planen und organisieren deine <strong>Roadshow von A bis Z<\\\/strong> \\u2013 inklusive Locations, Technik, Branding, Logistik und Teilnehmermanagement.<\\\/p>\\n\n\n<p>Dabei denken wir ganzheitlich: vom aufmerksamkeitsstarken Auftritt \\u00fcber <strong>konsistente Markeninszenierung<\\\/strong> bis hin zu reibungslosen Abl\\u00e4ufen vor Ort.<\\\/p>\\n\n\n<p>Mit unserer Erfahrung und unserem Netzwerk schaffen wir <strong>Begegnungen, die nachhaltig wirken<\\\/strong> \\u2013 in Deutschland, Europa und dar\\u00fcber hinaus.<\\\/p>\",\"meta\":\"REIBUNGSLOS.\",\"title\":\"Direkt bei deiner Zielgruppe, flexibel im Format und stark in der Wirkung \\u2013 Roadshows bringen <strong>deine Botschaft auf die Stra\\u00dfe<\\\/strong>.\"}}]}]},{\"type\":\"column\",\"props\":{\"image_position\":\"center-center\",\"position_sticky_breakpoint\":\"m\",\"width_medium\":\"1-4\"}}]},{\"type\":\"row\",\"children\":[{\"type\":\"column\",\"props\":{\"image_position\":\"center-center\",\"position_sticky_breakpoint\":\"m\"},\"children\":[{\"type\":\"panel\",\"props\":{\"block_align\":\"right\",\"content\":\"\",\"content_column_breakpoint\":\"m\",\"css\":\".el-element {\\n    right: 10%;\\n    transform: translate(0,-60%);\\n    width: 120px;\\n}\\n\\n.el-element > * {\\n    display: flex !important;\\n    align-items: center;\\n    justify-content: center;\\n    min-height: 120px;\\n    border-radius: 500px;\\n}\\n\\n@media (max-width: 959px) {\\n    .el-title { font-size: 1rem; }\\n}\\n\\n@media (min-width: 960px) {\\n    .el-element { width: 200px; }\\n    .el-element > * { min-height: 200px; }\\n} \\n\\n@media (min-width: 1400px) {\\n    .el-element { width: 250px; }\\n    .el-element > * { min-height: 250px; }\\n}\",\"icon_width\":80,\"image_align\":\"top\",\"image_grid_breakpoint\":\"m\",\"image_grid_width\":\"1-2\",\"image_svg_color\":\"emphasis\",\"link\":\"kontakt\\\/\",\"link_style\":\"\",\"link_text\":\"\",\"margin\":\"remove-vertical\",\"maxwidth_breakpoint\":\"s\",\"meta\":\"\",\"meta_align\":\"above-title\",\"meta_element\":\"div\",\"meta_style\":\"\",\"panel_link\":true,\"panel_link_hover\":\"true\",\"panel_padding\":\"small\",\"panel_style\":\"tile-secondary\",\"position\":\"absolute\",\"position_top\":\"50\",\"position_z_index\":\"2\",\"text_align\":\"center\",\"title\":\"Servus sagen & <br \/>los geht's!\",\"title_align\":\"top\",\"title_element\":\"div\",\"title_grid_breakpoint\":\"m\",\"title_grid_width\":\"1-2\",\"title_hover_style\":\"reset\",\"title_margin\":\"remove\",\"title_style\":\"h4\"},\"name\":\"Button round - black\"}]}]}],\"name\":\"PZE - Benefits\"},{\"name\":\"Eventbilder\",\"type\":\"section\",\"props\":{\"image_position\":\"center-center\",\"style\":\"default\",\"title_breakpoint\":\"xl\",\"title_position\":\"top-left\",\"title_rotation\":\"left\",\"vertical_align\":\"\",\"width\":\"\"},\"children\":[{\"type\":\"row\",\"props\":{\"margin\":\"xlarge\",\"margin_remove_bottom\":true,\"width\":\"large\"},\"children\":[{\"type\":\"column\",\"props\":{\"image_position\":\"center-center\",\"position_sticky_breakpoint\":\"m\",\"width_medium\":\"1-1\"},\"children\":[{\"type\":\"headline\",\"props\":{\"animation\":\"parallax\",\"content\":\"Moods\",\"parallax_breakpoint\":\"m\",\"parallax_easing\":\"1\",\"parallax_y\":\"0,-75\",\"title_element\":\"h2\",\"title_style\":\"heading-small\"}}]}]},{\"type\":\"row\",\"props\":{\"width\":\"large\",\"width_expand\":\"right\"},\"children\":[{\"type\":\"column\",\"props\":{\"image_position\":\"center-center\",\"position_sticky_breakpoint\":\"m\",\"width_medium\":\"1-1\"},\"children\":[{\"type\":\"overlay-slider\",\"props\":{\"animation\":\"none\",\"container_padding_remove\":false,\"image_height\":550,\"image_loading\":true,\"image_width\":550,\"link_style\":\"default\",\"link_text\":\"\",\"margin\":\"\",\"meta_align\":\"below-title\",\"meta_element\":\"div\",\"meta_style\":\"\",\"nav\":\"\",\"nav_align\":\"center\",\"nav_below\":true,\"nav_breakpoint\":\"s\",\"nav_position\":\"bottom-center\",\"nav_position_margin\":\"medium\",\"overlay_link\":true,\"overlay_mode\":\"cover\",\"overlay_position\":\"center\",\"overlay_transition\":\"fade\",\"show_content\":false,\"show_hover_image\":true,\"show_hover_video\":true,\"show_link\":false,\"show_meta\":false,\"show_title\":false,\"slidenav\":\"top-left\",\"slidenav_breakpoint\":\"\",\"slidenav_large\":false,\"slidenav_margin\":\"small\",\"slidenav_outside_breakpoint\":\"xl\",\"slider_autoplay\":true,\"slider_autoplay_pause\":true,\"slider_finite\":false,\"slider_gap\":\"small\",\"slider_width\":\"fixed\",\"slider_width_default\":\"1-2\",\"slider_width_medium\":\"1-3\",\"text_align\":\"\",\"title_element\":\"h3\",\"title_hover_style\":\"reset\"},\"children\":[{\"type\":\"overlay-slider_item\",\"props\":{\"image\":\"wp-content\\\/uploads\\\/2025\\\/07\\\/projektzeit-event-roadshow-titelbild-1.webp\",\"image_alt\":\"projektzeit event Eventagentur f\\u00fcr Roadshow Titelbild\",\"title\":\"\"}},{\"type\":\"overlay-slider_item\",\"props\":{\"image\":\"wp-content\\\/uploads\\\/2025\\\/07\\\/projektzeit-event-roadshow-registrierung-2.webp\",\"image_alt\":\"projektzeit event Eventagentur f\\u00fcr Roadshow 2\",\"title\":\"\"}},{\"type\":\"overlay-slider_item\",\"props\":{\"image\":\"wp-content\\\/uploads\\\/2025\\\/07\\\/projektzeit-event-roadshow-talk-3.webp\",\"image_alt\":\"projektzeit event Eventagentur f\\u00fcr Roadshow 3\",\"title\":\"\"}},{\"type\":\"overlay-slider_item\",\"props\":{\"image\":\"wp-content\\\/uploads\\\/2025\\\/07\\\/projektzeit-event-roadshow-talk-4.webp\",\"image_alt\":\"projektzeit event Eventagentur f\\u00fcr Roadshow 4\",\"title\":\"\"}},{\"type\":\"overlay-slider_item\",\"props\":{\"image\":\"wp-content\\\/uploads\\\/2025\\\/07\\\/projektzeit-event-roadshow-foodtruck-5.webp\",\"image_alt\":\"projektzeit event Eventagentur f\\u00fcr Roadshow 5\",\"title\":\"\"}}]}]}]}]},{\"name\":\"Vorteile\",\"type\":\"section\",\"props\":{\"image_position\":\"center-center\",\"padding_remove_top\":false,\"style\":\"default\",\"title_breakpoint\":\"xl\",\"title_position\":\"top-left\",\"title_rotation\":\"left\",\"vertical_align\":\"\",\"width\":\"large\"},\"children\":[{\"type\":\"row\",\"children\":[{\"type\":\"column\",\"props\":{\"image_position\":\"center-center\",\"position_sticky_breakpoint\":\"m\",\"width_medium\":\"1-1\"},\"children\":[{\"type\":\"headline\",\"props\":{\"animation\":\"parallax\",\"content\":\"Vorteile\",\"margin\":\"large\",\"maxwidth_breakpoint\":\"m\",\"parallax_breakpoint\":\"m\",\"parallax_easing\":\"1\",\"parallax_end\":\"70vh + 70%\",\"parallax_opacity\":\"0.3,1\",\"parallax_y\":\"30,0\",\"text_align\":\"left\",\"title_element\":\"h2\",\"title_style\":\"heading-small\"}}]}]},{\"type\":\"row\",\"children\":[{\"type\":\"column\",\"props\":{\"image_position\":\"center-center\",\"position_sticky_breakpoint\":\"m\",\"vertical_align\":\"middle\",\"width_medium\":\"1-3\"},\"children\":[{\"type\":\"grid\",\"props\":{\"content_column_breakpoint\":\"m\",\"filter_align\":\"left\",\"filter_all\":true,\"filter_grid_breakpoint\":\"m\",\"filter_grid_width\":\"auto\",\"filter_position\":\"top\",\"filter_style\":\"tab\",\"grid_default\":\"1\",\"grid_divider\":true,\"grid_medium\":\"\",\"icon_width\":80,\"image_align\":\"top\",\"image_grid_breakpoint\":\"m\",\"image_grid_width\":\"1-2\",\"image_svg_color\":\"emphasis\",\"item_animation\":true,\"lightbox_bg_close\":true,\"link_style\":\"default\",\"link_text\":\"Read more\",\"margin\":\"default\",\"maxwidth\":\"large\",\"meta_align\":\"below-title\",\"meta_element\":\"div\",\"meta_style\":\"text-meta\",\"show_content\":true,\"show_hover_image\":true,\"show_hover_video\":true,\"show_image\":true,\"show_link\":true,\"show_meta\":true,\"show_title\":true,\"show_video\":true,\"title_align\":\"top\",\"title_element\":\"div\",\"title_grid_breakpoint\":\"m\",\"title_grid_width\":\"1-2\",\"title_hover_style\":\"reset\",\"title_style\":\"h3\"},\"children\":[{\"type\":\"grid_item\",\"props\":{\"title\":\"<span class=\\\"uk-text-primary\\\">Erfahrung<\\\/span>, die wirkt\"}},{\"type\":\"grid_item\",\"props\":{\"title\":\"<span class=\\\"uk-text-primary\\\">Flexibilit\\u00e4t<\\\/span>, die passt\"}},{\"type\":\"grid_item\",\"props\":{\"title\":\"Alles aus <span class=\\\"uk-text-primary\\\">einer Hand<\\\/span>\"}},{\"type\":\"grid_item\",\"props\":{\"title\":\"<span class=\\\"uk-text-primary\\\">Kreativit\\u00e4t<\\\/span> mit Konzept\"}},{\"type\":\"grid_item\",\"props\":{\"title\":\"Rundum-<span class=\\\"uk-text-primary\\\">Betreuung<\\\/span>\"}}]}]},{\"type\":\"column\",\"props\":{\"image_position\":\"center-center\",\"position_sticky_breakpoint\":\"m\",\"width_medium\":\"2-3\"},\"children\":[{\"type\":\"icon\",\"props\":{\"icon\":\"quote-right\",\"icon_width\":60,\"margin\":\"default\",\"status\":\"disabled\"}},{\"type\":\"headline\",\"props\":{\"content\":\"Quote Platzhalter\",\"margin\":\"medium\",\"margin_remove_top\":true,\"status\":\"disabled\",\"title_element\":\"div\",\"title_style\":\"h3\"},\"name\":\"Quote\"},{\"type\":\"text\",\"props\":{\"column_breakpoint\":\"m\",\"content\":\"\\u2013 Autor Platzhalter\",\"margin\":\"default\",\"status\":\"disabled\"}}]}],\"props\":{\"column_gap\":\"large\",\"layout\":\"1-3,2-3\"}}]},{\"name\":\"PZE - Call To Action\",\"type\":\"section\",\"props\":{\"image_position\":\"center-center\",\"padding_remove_top\":false,\"style\":\"default\",\"title_breakpoint\":\"xl\",\"title_position\":\"top-left\",\"title_rotation\":\"left\",\"vertical_align\":\"\",\"width\":\"expand\"},\"children\":[{\"type\":\"row\",\"props\":{\"column_gap\":\"large\",\"margin\":\"large\",\"row_gap\":\"large\",\"width\":\"small\"},\"children\":[{\"type\":\"column\",\"props\":{\"image_position\":\"center-center\",\"position_sticky_breakpoint\":\"m\",\"style\":\"tile-primary\",\"vertical_align\":\"middle\"},\"children\":[{\"type\":\"headline\",\"props\":{\"content\":\"Noch Fragen?\",\"margin_remove_bottom\":false,\"title_element\":\"div\",\"title_style\":\"heading-small\"}},{\"type\":\"headline\",\"props\":{\"content\":\"Wir freuen uns auf deine Nachricht.\",\"title_element\":\"div\",\"title_style\":\"text-lead\"}},{\"type\":\"fragment\",\"props\":{\"margin\":\"large\"},\"children\":[{\"type\":\"row\",\"props\":{\"divider\":true,\"layout\":\"1-2,1-2\"},\"children\":[{\"type\":\"column\",\"props\":{\"image_position\":\"center-center\",\"position_sticky_breakpoint\":\"m\",\"width_medium\":\"1-2\"},\"children\":[{\"type\":\"panel\",\"props\":{\"content\":\"<a href=\\\"tel:004981719994838\\\">+49 8171 \\\/ 999 483 8<\\\/a>\",\"content_column_breakpoint\":\"m\",\"content_style\":\"text-large\",\"icon_width\":80,\"image_align\":\"top\",\"image_grid_breakpoint\":\"m\",\"image_grid_width\":\"1-2\",\"image_svg_color\":\"emphasis\",\"link_style\":\"default\",\"link_text\":\"Read more\",\"margin\":\"default\",\"meta\":\"TELEFON\",\"meta_align\":\"above-title\",\"meta_color\":\"emphasis\",\"meta_element\":\"div\",\"meta_style\":\"text-meta\",\"title\":\"Ruf uns gerne an unter:\",\"title_align\":\"top\",\"title_element\":\"div\",\"title_grid_breakpoint\":\"m\",\"title_grid_width\":\"1-2\",\"title_hover_style\":\"reset\",\"title_style\":\"text-large\"}}]},{\"type\":\"column\",\"props\":{\"image_position\":\"center-center\",\"position_sticky_breakpoint\":\"m\",\"width_medium\":\"1-2\"},\"children\":[{\"type\":\"panel\",\"props\":{\"content\":\"\n\n<p><a href=\\\"mailto:info@projektzeit-event.de\\\">info@projektzeit-event.de<\\\/a> <br \\\/>oder nutze unser <a href=\\\"\\\/kontakt\\\/\\\">Kontaktformular<\\\/a><\\\/p>\",\"content_column_breakpoint\":\"m\",\"content_style\":\"text-large\",\"icon_width\":80,\"image_align\":\"top\",\"image_grid_breakpoint\":\"m\",\"image_grid_width\":\"1-2\",\"image_svg_color\":\"emphasis\",\"link_style\":\"default\",\"link_text\":\"Read more\",\"margin\":\"default\",\"meta\":\"E-MAIL\",\"meta_align\":\"above-title\",\"meta_color\":\"emphasis\",\"meta_element\":\"div\",\"meta_style\":\"text-meta\",\"title\":\"Schreib uns gerne an:\",\"title_align\":\"top\",\"title_element\":\"div\",\"title_grid_breakpoint\":\"m\",\"title_grid_width\":\"1-2\",\"title_hover_style\":\"reset\",\"title_style\":\"text-large\"}}]}]}]},{\"type\":\"text\",\"props\":{\"column_breakpoint\":\"m\",\"content\":\"\n\n<p>Dein Team der Eventagentur projektzeit event.<\\\/p>\",\"margin\":\"default\",\"text_style\":\"lead\"}}]}]}]}],\"version\":\"4.5.24\",\"yooessentialsVersion\":\"2.4.4\"} --><\/p>\n","protected":false},"excerpt":{"rendered":"<p>Roadshow Warum eine Roadshow mit uns? Dein Event. Direkt bei deiner Zielgruppe, flexibel im Format und stark in der Wirkung \u2013 Roadshows bringen deine Botschaft auf die Stra\u00dfe. REIBUNGSLOS. Ob national oder international, ob in Gro\u00dfst\u00e4dten oder regionalen Zentren: Wir planen und organisieren deine Roadshow von A bis Z \u2013 inklusive Locations, Technik, Branding, Logistik [&hellip;]<\/p>\n","protected":false},"author":2,"featured_media":0,"parent":50,"menu_order":0,"comment_status":"closed","ping_status":"closed","template":"","meta":{"footnotes":""},"class_list":["post-69","page","type-page","status-publish","hentry"],"yoast_head":"<!-- This site is optimized with the Yoast SEO plugin v27.3 - https:\/\/yoast.com\/product\/yoast-seo-wordpress\/ -->\n<title>Roadshow - projektzeit-event.de - Eventagentur M\u00fcnchen<\/title>\n<meta name=\"robots\" content=\"index, follow, max-snippet:-1, max-image-preview:large, max-video-preview:-1\" \/>\n<link rel=\"canonical\" href=\"https:\/\/projektzeit-event.de\/en\/events\/roadshow\/\" \/>\n<meta property=\"og:locale\" content=\"en_US\" \/>\n<meta property=\"og:type\" content=\"article\" \/>\n<meta property=\"og:title\" content=\"Roadshow - projektzeit-event.de - Eventagentur M\u00fcnchen\" \/>\n<meta property=\"og:description\" content=\"Roadshow Warum eine Roadshow mit uns? Dein Event. Direkt bei deiner Zielgruppe, flexibel im Format und stark in der Wirkung \u2013 Roadshows bringen deine Botschaft auf die Stra\u00dfe. REIBUNGSLOS. Ob national oder international, ob in Gro\u00dfst\u00e4dten oder regionalen Zentren: Wir planen und organisieren deine Roadshow von A bis Z \u2013 inklusive Locations, Technik, Branding, Logistik [&hellip;]\" \/>\n<meta property=\"og:url\" content=\"https:\/\/projektzeit-event.de\/en\/events\/roadshow\/\" \/>\n<meta property=\"og:site_name\" content=\"projektzeit-event.de - Eventagentur M\u00fcnchen\" \/>\n<meta property=\"article:modified_time\" content=\"2025-08-06T13:21:05+00:00\" \/>\n<meta name=\"twitter:card\" content=\"summary_large_image\" \/>\n<script type=\"application\/ld+json\" class=\"yoast-schema-graph\">{\"@context\":\"https:\\\/\\\/schema.org\",\"@graph\":[{\"@type\":\"WebPage\",\"@id\":\"https:\\\/\\\/projektzeit-event.de\\\/events\\\/roadshow\\\/\",\"url\":\"https:\\\/\\\/projektzeit-event.de\\\/events\\\/roadshow\\\/\",\"name\":\"Roadshow - projektzeit-event.de - Eventagentur M\u00fcnchen\",\"isPartOf\":{\"@id\":\"https:\\\/\\\/projektzeit-event.de\\\/#website\"},\"datePublished\":\"2025-02-27T22:45:51+00:00\",\"dateModified\":\"2025-08-06T13:21:05+00:00\",\"breadcrumb\":{\"@id\":\"https:\\\/\\\/projektzeit-event.de\\\/events\\\/roadshow\\\/#breadcrumb\"},\"inLanguage\":\"en-US\",\"potentialAction\":[{\"@type\":\"ReadAction\",\"target\":[\"https:\\\/\\\/projektzeit-event.de\\\/events\\\/roadshow\\\/\"]}]},{\"@type\":\"BreadcrumbList\",\"@id\":\"https:\\\/\\\/projektzeit-event.de\\\/events\\\/roadshow\\\/#breadcrumb\",\"itemListElement\":[{\"@type\":\"ListItem\",\"position\":1,\"name\":\"Startseite\",\"item\":\"https:\\\/\\\/projektzeit-event.de\\\/\"},{\"@type\":\"ListItem\",\"position\":2,\"name\":\"Events\",\"item\":\"https:\\\/\\\/projektzeit-event.de\\\/events\\\/\"},{\"@type\":\"ListItem\",\"position\":3,\"name\":\"Roadshow\"}]},{\"@type\":\"WebSite\",\"@id\":\"https:\\\/\\\/projektzeit-event.de\\\/#website\",\"url\":\"https:\\\/\\\/projektzeit-event.de\\\/\",\"name\":\"projektzeit-event.de - Eventagentur M\u00fcnchen\",\"description\":\"\",\"potentialAction\":[{\"@type\":\"SearchAction\",\"target\":{\"@type\":\"EntryPoint\",\"urlTemplate\":\"https:\\\/\\\/projektzeit-event.de\\\/?s={search_term_string}\"},\"query-input\":{\"@type\":\"PropertyValueSpecification\",\"valueRequired\":true,\"valueName\":\"search_term_string\"}}],\"inLanguage\":\"en-US\"}]}<\/script>\n<!-- \/ Yoast SEO plugin. -->","yoast_head_json":{"title":"Roadshow - projektzeit-event.de - Eventagentur M\u00fcnchen","robots":{"index":"index","follow":"follow","max-snippet":"max-snippet:-1","max-image-preview":"max-image-preview:large","max-video-preview":"max-video-preview:-1"},"canonical":"https:\/\/projektzeit-event.de\/en\/events\/roadshow\/","og_locale":"en_US","og_type":"article","og_title":"Roadshow - projektzeit-event.de - Eventagentur M\u00fcnchen","og_description":"Roadshow Warum eine Roadshow mit uns? Dein Event. Direkt bei deiner Zielgruppe, flexibel im Format und stark in der Wirkung \u2013 Roadshows bringen deine Botschaft auf die Stra\u00dfe. REIBUNGSLOS. Ob national oder international, ob in Gro\u00dfst\u00e4dten oder regionalen Zentren: Wir planen und organisieren deine Roadshow von A bis Z \u2013 inklusive Locations, Technik, Branding, Logistik [&hellip;]","og_url":"https:\/\/projektzeit-event.de\/en\/events\/roadshow\/","og_site_name":"projektzeit-event.de - Eventagentur M\u00fcnchen","article_modified_time":"2025-08-06T13:21:05+00:00","twitter_card":"summary_large_image","schema":{"@context":"https:\/\/schema.org","@graph":[{"@type":"WebPage","@id":"https:\/\/projektzeit-event.de\/events\/roadshow\/","url":"https:\/\/projektzeit-event.de\/events\/roadshow\/","name":"Roadshow - projektzeit-event.de - Eventagentur M\u00fcnchen","isPartOf":{"@id":"https:\/\/projektzeit-event.de\/#website"},"datePublished":"2025-02-27T22:45:51+00:00","dateModified":"2025-08-06T13:21:05+00:00","breadcrumb":{"@id":"https:\/\/projektzeit-event.de\/events\/roadshow\/#breadcrumb"},"inLanguage":"en-US","potentialAction":[{"@type":"ReadAction","target":["https:\/\/projektzeit-event.de\/events\/roadshow\/"]}]},{"@type":"BreadcrumbList","@id":"https:\/\/projektzeit-event.de\/events\/roadshow\/#breadcrumb","itemListElement":[{"@type":"ListItem","position":1,"name":"Startseite","item":"https:\/\/projektzeit-event.de\/"},{"@type":"ListItem","position":2,"name":"Events","item":"https:\/\/projektzeit-event.de\/events\/"},{"@type":"ListItem","position":3,"name":"Roadshow"}]},{"@type":"WebSite","@id":"https:\/\/projektzeit-event.de\/#website","url":"https:\/\/projektzeit-event.de\/","name":"projektzeit-event.de - Event agency Munich","description":"","potentialAction":[{"@type":"SearchAction","target":{"@type":"EntryPoint","urlTemplate":"https:\/\/projektzeit-event.de\/?s={search_term_string}"},"query-input":{"@type":"PropertyValueSpecification","valueRequired":true,"valueName":"search_term_string"}}],"inLanguage":"en-US"}]}},"_links":{"self":[{"href":"https:\/\/projektzeit-event.de\/en\/wp-json\/wp\/v2\/pages\/69","targetHints":{"allow":["GET"]}}],"collection":[{"href":"https:\/\/projektzeit-event.de\/en\/wp-json\/wp\/v2\/pages"}],"about":[{"href":"https:\/\/projektzeit-event.de\/en\/wp-json\/wp\/v2\/types\/page"}],"author":[{"embeddable":true,"href":"https:\/\/projektzeit-event.de\/en\/wp-json\/wp\/v2\/users\/2"}],"replies":[{"embeddable":true,"href":"https:\/\/projektzeit-event.de\/en\/wp-json\/wp\/v2\/comments?post=69"}],"version-history":[{"count":10,"href":"https:\/\/projektzeit-event.de\/en\/wp-json\/wp\/v2\/pages\/69\/revisions"}],"predecessor-version":[{"id":1789,"href":"https:\/\/projektzeit-event.de\/en\/wp-json\/wp\/v2\/pages\/69\/revisions\/1789"}],"up":[{"embeddable":true,"href":"https:\/\/projektzeit-event.de\/en\/wp-json\/wp\/v2\/pages\/50"}],"wp:attachment":[{"href":"https:\/\/projektzeit-event.de\/en\/wp-json\/wp\/v2\/media?parent=69"}],"curies":[{"name":"wp","href":"https:\/\/api.w.org\/{rel}","templated":true}]}}