{"id":745,"date":"2025-07-08T09:56:07","date_gmt":"2025-07-08T07:56:07","guid":{"rendered":"https:\/\/projektzeit-event.wedeon.it\/?page_id=745"},"modified":"2025-08-20T14:40:08","modified_gmt":"2025-08-20T12:40:08","slug":"impressum","status":"publish","type":"page","link":"https:\/\/projektzeit-event.de\/en\/impressum\/","title":{"rendered":"Imprint"},"content":{"rendered":"<h1>Impressum<\/h1>\n<hr>\n<div>\n<p><b>projektzeit GmbH<\/b><br \/>Isarstr. 20<br \/>83623 Dietramszell<\/p>\n<p>+49 8171 \/ 999 483 8<br \/>info@projektzeit-event.de<br \/>www.projektzeit-event.de<\/p>\n<p>Vertretungsberechtigte Gesch\u00e4ftsf\u00fchrung: Evelyn Kainz, Pia Willms<\/p>\n<p>Registergericht: Amtsgericht M\u00fcnchen<br \/>Handelsregisternummer: HRB 276652<br \/>Umsatzsteuer-Identifikationsnummer gem. \u00a7 27a UStG: DE 353787030<\/p>\n<p>Inhaltlich Verantwortliche gem. \u00a7 18 Abs. 2 MStV: Evelyn Kainz, Pia Willms (Anschrift oben)<\/p>\n<\/div>\n<p><!--more--><br \/>\n<!-- {\"type\":\"layout\",\"children\":[{\"type\":\"section\",\"props\":{\"image_position\":\"center-center\",\"style\":\"default\",\"title_breakpoint\":\"xl\",\"title_position\":\"top-left\",\"title_rotation\":\"left\",\"vertical_align\":\"middle\",\"width\":\"default\"},\"children\":[{\"type\":\"row\",\"children\":[{\"type\":\"column\",\"props\":{\"image_position\":\"center-center\",\"position_sticky_breakpoint\":\"m\"},\"children\":[{\"type\":\"headline\",\"props\":{\"content\":\"Impressum\",\"title_element\":\"h1\"}},{\"type\":\"divider\",\"props\":{\"divider_element\":\"hr\"}},{\"type\":\"text\",\"props\":{\"column_breakpoint\":\"m\",\"content\":\"\n\n<p><b>projektzeit GmbH<\\\/b><br \\\/>Isarstr. 20<br \\\/>83623 Dietramszell<\\\/p>\\n\n\n<p>+49 8171 \\\/ 999 483 8<br \\\/>info@projektzeit-event.de<br \\\/>www.projektzeit-event.de<\\\/p>\\n\n\n<p>Vertretungsberechtigte Gesch\\u00e4ftsf\\u00fchrung: Evelyn Kainz, Pia Willms<\\\/p>\\n\n\n<p>Registergericht: Amtsgericht M\\u00fcnchen<br \\\/>Handelsregisternummer: HRB 276652<br \\\/>Umsatzsteuer-Identifikationsnummer gem. \\u00a7 27a UStG: DE 353787030<\\\/p>\\n\n\n<p>Inhaltlich Verantwortliche gem. \\u00a7 18 Abs. 2 MStV: Evelyn Kainz, Pia Willms (Anschrift oben)<\\\/p>\",\"margin\":\"default\"}}]}]}]}],\"version\":\"4.5.24\",\"yooessentialsVersion\":\"2.4.4\"} --><\/p>\n","protected":false},"excerpt":{"rendered":"<p>Imprint projektzeit GmbHIsarstr. 2083623 Dietramszell +49 8171 \/ 999 483 8info@projektzeit-event.dewww.projektzeit-event.de Authorized representatives Management: Evelyn Kainz, Pia Willms Register court: Munich Local CourtCommercial register number: HRB 276652VAT identification number according to \u00a7 27a UStG: DE 353787030 Responsible for content according to \u00a7 18 Abs. 2 MStV: Evelyn Kainz, Pia Willms (address above)<\/p>","protected":false},"author":2,"featured_media":0,"parent":0,"menu_order":0,"comment_status":"closed","ping_status":"closed","template":"","meta":{"footnotes":""},"class_list":["post-745","page","type-page","status-publish","hentry"],"yoast_head":"<!-- This site is optimized with the Yoast SEO plugin v27.3 - https:\/\/yoast.com\/product\/yoast-seo-wordpress\/ -->\n<title>Impressum - projektzeit-event.de - Eventagentur M\u00fcnchen<\/title>\n<meta name=\"robots\" content=\"index, follow, max-snippet:-1, max-image-preview:large, max-video-preview:-1\" \/>\n<link rel=\"canonical\" href=\"https:\/\/projektzeit-event.de\/en\/impressum\/\" \/>\n<meta property=\"og:locale\" content=\"en_US\" \/>\n<meta property=\"og:type\" content=\"article\" \/>\n<meta property=\"og:title\" content=\"Impressum - projektzeit-event.de - Eventagentur M\u00fcnchen\" \/>\n<meta property=\"og:description\" content=\"Impressum projektzeit GmbHIsarstr. 2083623 Dietramszell +49 8171 \/ 999 483 8info@projektzeit-event.dewww.projektzeit-event.de Vertretungsberechtigte Gesch\u00e4ftsf\u00fchrung: Evelyn Kainz, Pia Willms Registergericht: Amtsgericht M\u00fcnchenHandelsregisternummer: HRB 276652Umsatzsteuer-Identifikationsnummer gem. \u00a7 27a UStG: DE 353787030 Inhaltlich Verantwortliche gem. \u00a7 18 Abs. 2 MStV: Evelyn Kainz, Pia Willms (Anschrift oben)\" \/>\n<meta property=\"og:url\" content=\"https:\/\/projektzeit-event.de\/en\/impressum\/\" \/>\n<meta property=\"og:site_name\" content=\"projektzeit-event.de - Eventagentur M\u00fcnchen\" \/>\n<meta property=\"article:modified_time\" content=\"2025-08-20T12:40:08+00:00\" \/>\n<meta name=\"twitter:card\" content=\"summary_large_image\" \/>\n<script type=\"application\/ld+json\" class=\"yoast-schema-graph\">{\"@context\":\"https:\\\/\\\/schema.org\",\"@graph\":[{\"@type\":\"WebPage\",\"@id\":\"https:\\\/\\\/projektzeit-event.de\\\/impressum\\\/\",\"url\":\"https:\\\/\\\/projektzeit-event.de\\\/impressum\\\/\",\"name\":\"Impressum - projektzeit-event.de - Eventagentur M\u00fcnchen\",\"isPartOf\":{\"@id\":\"https:\\\/\\\/projektzeit-event.de\\\/#website\"},\"datePublished\":\"2025-07-08T07:56:07+00:00\",\"dateModified\":\"2025-08-20T12:40:08+00:00\",\"breadcrumb\":{\"@id\":\"https:\\\/\\\/projektzeit-event.de\\\/impressum\\\/#breadcrumb\"},\"inLanguage\":\"en-US\",\"potentialAction\":[{\"@type\":\"ReadAction\",\"target\":[\"https:\\\/\\\/projektzeit-event.de\\\/impressum\\\/\"]}]},{\"@type\":\"BreadcrumbList\",\"@id\":\"https:\\\/\\\/projektzeit-event.de\\\/impressum\\\/#breadcrumb\",\"itemListElement\":[{\"@type\":\"ListItem\",\"position\":1,\"name\":\"Startseite\",\"item\":\"https:\\\/\\\/projektzeit-event.de\\\/\"},{\"@type\":\"ListItem\",\"position\":2,\"name\":\"Impressum\"}]},{\"@type\":\"WebSite\",\"@id\":\"https:\\\/\\\/projektzeit-event.de\\\/#website\",\"url\":\"https:\\\/\\\/projektzeit-event.de\\\/\",\"name\":\"projektzeit-event.de - Eventagentur M\u00fcnchen\",\"description\":\"\",\"potentialAction\":[{\"@type\":\"SearchAction\",\"target\":{\"@type\":\"EntryPoint\",\"urlTemplate\":\"https:\\\/\\\/projektzeit-event.de\\\/?s={search_term_string}\"},\"query-input\":{\"@type\":\"PropertyValueSpecification\",\"valueRequired\":true,\"valueName\":\"search_term_string\"}}],\"inLanguage\":\"en-US\"}]}<\/script>\n<!-- \/ Yoast SEO plugin. -->","yoast_head_json":{"title":"Impressum - projektzeit-event.de - Eventagentur M\u00fcnchen","robots":{"index":"index","follow":"follow","max-snippet":"max-snippet:-1","max-image-preview":"max-image-preview:large","max-video-preview":"max-video-preview:-1"},"canonical":"https:\/\/projektzeit-event.de\/en\/impressum\/","og_locale":"en_US","og_type":"article","og_title":"Impressum - projektzeit-event.de - Eventagentur M\u00fcnchen","og_description":"Impressum projektzeit GmbHIsarstr. 2083623 Dietramszell +49 8171 \/ 999 483 8info@projektzeit-event.dewww.projektzeit-event.de Vertretungsberechtigte Gesch\u00e4ftsf\u00fchrung: Evelyn Kainz, Pia Willms Registergericht: Amtsgericht M\u00fcnchenHandelsregisternummer: HRB 276652Umsatzsteuer-Identifikationsnummer gem. \u00a7 27a UStG: DE 353787030 Inhaltlich Verantwortliche gem. \u00a7 18 Abs. 2 MStV: Evelyn Kainz, Pia Willms (Anschrift oben)","og_url":"https:\/\/projektzeit-event.de\/en\/impressum\/","og_site_name":"projektzeit-event.de - Eventagentur M\u00fcnchen","article_modified_time":"2025-08-20T12:40:08+00:00","twitter_card":"summary_large_image","schema":{"@context":"https:\/\/schema.org","@graph":[{"@type":"WebPage","@id":"https:\/\/projektzeit-event.de\/impressum\/","url":"https:\/\/projektzeit-event.de\/impressum\/","name":"Impressum - projektzeit-event.de - Eventagentur M\u00fcnchen","isPartOf":{"@id":"https:\/\/projektzeit-event.de\/#website"},"datePublished":"2025-07-08T07:56:07+00:00","dateModified":"2025-08-20T12:40:08+00:00","breadcrumb":{"@id":"https:\/\/projektzeit-event.de\/impressum\/#breadcrumb"},"inLanguage":"en-US","potentialAction":[{"@type":"ReadAction","target":["https:\/\/projektzeit-event.de\/impressum\/"]}]},{"@type":"BreadcrumbList","@id":"https:\/\/projektzeit-event.de\/impressum\/#breadcrumb","itemListElement":[{"@type":"ListItem","position":1,"name":"Startseite","item":"https:\/\/projektzeit-event.de\/"},{"@type":"ListItem","position":2,"name":"Impressum"}]},{"@type":"WebSite","@id":"https:\/\/projektzeit-event.de\/#website","url":"https:\/\/projektzeit-event.de\/","name":"projektzeit-event.de - Event agency Munich","description":"","potentialAction":[{"@type":"SearchAction","target":{"@type":"EntryPoint","urlTemplate":"https:\/\/projektzeit-event.de\/?s={search_term_string}"},"query-input":{"@type":"PropertyValueSpecification","valueRequired":true,"valueName":"search_term_string"}}],"inLanguage":"en-US"}]}},"_links":{"self":[{"href":"https:\/\/projektzeit-event.de\/en\/wp-json\/wp\/v2\/pages\/745","targetHints":{"allow":["GET"]}}],"collection":[{"href":"https:\/\/projektzeit-event.de\/en\/wp-json\/wp\/v2\/pages"}],"about":[{"href":"https:\/\/projektzeit-event.de\/en\/wp-json\/wp\/v2\/types\/page"}],"author":[{"embeddable":true,"href":"https:\/\/projektzeit-event.de\/en\/wp-json\/wp\/v2\/users\/2"}],"replies":[{"embeddable":true,"href":"https:\/\/projektzeit-event.de\/en\/wp-json\/wp\/v2\/comments?post=745"}],"version-history":[{"count":5,"href":"https:\/\/projektzeit-event.de\/en\/wp-json\/wp\/v2\/pages\/745\/revisions"}],"predecessor-version":[{"id":1800,"href":"https:\/\/projektzeit-event.de\/en\/wp-json\/wp\/v2\/pages\/745\/revisions\/1800"}],"wp:attachment":[{"href":"https:\/\/projektzeit-event.de\/en\/wp-json\/wp\/v2\/media?parent=745"}],"curies":[{"name":"wp","href":"https:\/\/api.w.org\/{rel}","templated":true}]}}